{"id":415,"date":"2022-02-22T12:49:41","date_gmt":"2022-02-22T10:49:41","guid":{"rendered":"https:\/\/karusele.com\/?post_type=product&#038;p=415"},"modified":"2022-09-29T20:17:26","modified_gmt":"2022-09-29T17:17:26","slug":"plokscias-vamzdis","status":"publish","type":"product","link":"https:\/\/karusele.com\/en\/produktai\/plokscias-vamzdis\/","title":{"rendered":"Flat pipe"},"content":{"rendered":"<p>Flat pipe<\/p>\n<table class=\"btable\" border=\"0\" width=\"212\" cellspacing=\"0\" cellpadding=\"0\">\n<tbody>\n<tr>\n<td width=\"126\">\n<p align=\"center\">Flat pipe<\/p>\n<\/td>\n<td width=\"86\">\n<p align=\"center\">\u00a040x10x1,5<\/p>\n<\/td>\n<\/tr>\n<tr>\n<td>\n<p align=\"center\">\u00a0Flat pipe<\/p>\n<\/td>\n<td>\n<p align=\"center\">\u00a050x10x1,5<\/p>\n<\/td>\n<\/tr>\n<tr>\n<td>\n<p align=\"center\">\u00a0Flat pipe<\/p>\n<\/td>\n<td>\n<p align=\"center\">\u00a060x10x1,5<\/p>\n<\/td>\n<\/tr>\n<tr>\n<td>\n<p align=\"center\">\u00a0Flat pipe<\/p>\n<\/td>\n<td>\n<p align=\"center\">\u00a080x10x1,5<\/p>\n<\/td>\n<\/tr>\n<tr>\n<td>\n<p align=\"center\">\u00a0Flat pipe<\/p>\n<\/td>\n<td>\n<p align=\"center\">100x20x2<\/p>\n<\/td>\n<\/tr>\n<\/tbody>\n<\/table>","protected":false},"excerpt":{"rendered":"<p>Plok\u0161\u010dias vamzdis Plok\u0161\u010dias vamzdis \u00a040x10x1,5 \u00a0Plok\u0161\u010dias vamzdis \u00a050x10x1,5 \u00a0Plok\u0161\u010dias vamzdis \u00a060x10x1,5 \u00a0Plok\u0161\u010dias vamzdis \u00a080x10x1,5 \u00a0Plok\u0161\u010dias vamzdis 100x20x2<\/p>","protected":false},"featured_media":1019,"template":"","meta":[],"product_brand":[],"product_cat":[17,82,54],"product_tag":[],"class_list":{"0":"post-415","1":"product","2":"type-product","3":"status-publish","4":"has-post-thumbnail","6":"product_cat-nerudijantis-plienas","7":"product_cat-slifuoti-vamzdziai-grit-500-pvc-konstrukciniai-vidaus-darbams","8":"product_cat-tureklu-elementai","10":"first","11":"instock","12":"shipping-taxable","13":"product-type-simple"},"aioseo_notices":[],"jetpack_sharing_enabled":true,"_links":{"self":[{"href":"https:\/\/karusele.com\/en\/wp-json\/wp\/v2\/product\/415","targetHints":{"allow":["GET"]}}],"collection":[{"href":"https:\/\/karusele.com\/en\/wp-json\/wp\/v2\/product"}],"about":[{"href":"https:\/\/karusele.com\/en\/wp-json\/wp\/v2\/types\/product"}],"wp:featuredmedia":[{"embeddable":true,"href":"https:\/\/karusele.com\/en\/wp-json\/wp\/v2\/media\/1019"}],"wp:attachment":[{"href":"https:\/\/karusele.com\/en\/wp-json\/wp\/v2\/media?parent=415"}],"wp:term":[{"taxonomy":"product_brand","embeddable":true,"href":"https:\/\/karusele.com\/en\/wp-json\/wp\/v2\/product_brand?post=415"},{"taxonomy":"product_cat","embeddable":true,"href":"https:\/\/karusele.com\/en\/wp-json\/wp\/v2\/product_cat?post=415"},{"taxonomy":"product_tag","embeddable":true,"href":"https:\/\/karusele.com\/en\/wp-json\/wp\/v2\/product_tag?post=415"}],"curies":[{"name":"wp","href":"https:\/\/api.w.org\/{rel}","templated":true}]}}