{"id":402,"date":"2022-02-22T12:32:14","date_gmt":"2022-02-22T10:32:14","guid":{"rendered":"https:\/\/karusele.com\/?post_type=product&#038;p=402"},"modified":"2022-09-29T16:34:05","modified_gmt":"2022-09-29T13:34:05","slug":"akle-tureklams","status":"publish","type":"product","link":"https:\/\/karusele.com\/en\/produktai\/akle-tureklams\/","title":{"rendered":"Cap"},"content":{"rendered":"<p>Cap<\/p>\n<p style=\"text-align: left;\" align=\"center\">Cap diameter \u2013\u00a0d= 42,4 mm<\/p>","protected":false},"excerpt":{"rendered":"<p>Akl\u0117 tur\u0117klams Akl\u0117s diametras &#8211;\u00a0d= 42,4 mm<\/p>","protected":false},"featured_media":1001,"template":"","meta":[],"product_brand":[],"product_cat":[17,81,54],"product_tag":[],"class_list":{"0":"post-402","1":"product","2":"type-product","3":"status-publish","4":"has-post-thumbnail","6":"product_cat-nerudijantis-plienas","7":"product_cat-slifuotos-tureklu-sistemu-detales-vamzdziui-424x2-mm","8":"product_cat-tureklu-elementai","10":"first","11":"instock","12":"shipping-taxable","13":"product-type-simple"},"aioseo_notices":[],"jetpack_sharing_enabled":true,"_links":{"self":[{"href":"https:\/\/karusele.com\/en\/wp-json\/wp\/v2\/product\/402","targetHints":{"allow":["GET"]}}],"collection":[{"href":"https:\/\/karusele.com\/en\/wp-json\/wp\/v2\/product"}],"about":[{"href":"https:\/\/karusele.com\/en\/wp-json\/wp\/v2\/types\/product"}],"wp:featuredmedia":[{"embeddable":true,"href":"https:\/\/karusele.com\/en\/wp-json\/wp\/v2\/media\/1001"}],"wp:attachment":[{"href":"https:\/\/karusele.com\/en\/wp-json\/wp\/v2\/media?parent=402"}],"wp:term":[{"taxonomy":"product_brand","embeddable":true,"href":"https:\/\/karusele.com\/en\/wp-json\/wp\/v2\/product_brand?post=402"},{"taxonomy":"product_cat","embeddable":true,"href":"https:\/\/karusele.com\/en\/wp-json\/wp\/v2\/product_cat?post=402"},{"taxonomy":"product_tag","embeddable":true,"href":"https:\/\/karusele.com\/en\/wp-json\/wp\/v2\/product_tag?post=402"}],"curies":[{"name":"wp","href":"https:\/\/api.w.org\/{rel}","templated":true}]}}