{"id":378,"date":"2022-02-22T11:54:55","date_gmt":"2022-02-22T09:54:55","guid":{"rendered":"https:\/\/karusele.com\/?post_type=product&#038;p=378"},"modified":"2022-09-29T17:05:26","modified_gmt":"2022-09-29T14:05:26","slug":"jungtis-stiklas-plokscias-pavirsius","status":"publish","type":"product","link":"https:\/\/karusele.com\/en\/produktai\/jungtis-stiklas-plokscias-pavirsius\/","title":{"rendered":"Handrail bracket (glass\/flat surface)"},"content":{"rendered":"<p>Handrail bracket (glass\/flat surface)<\/p>\n<table class=\"btable\" border=\"0\" cellspacing=\"0\" cellpadding=\"0\">\n<tbody>\n<tr>\n<td style=\"text-align: center;\">\u03a6(mm)<\/td>\n<td style=\"text-align: center;\">H\u03a6(mm)<\/td>\n<\/tr>\n<tr>\n<td style=\"text-align: center;\">50<\/td>\n<td style=\"text-align: center;\">30-80<\/td>\n<\/tr>\n<\/tbody>\n<\/table>","protected":false},"excerpt":{"rendered":"<p>Jungtis stiklas\/plok\u0161\u010dias pavir\u0161ius \u03a6(mm) H\u03a6(mm) 50 30-80<\/p>","protected":false},"featured_media":1009,"template":"","meta":[],"product_brand":[],"product_cat":[17,81,54],"product_tag":[],"class_list":{"0":"post-378","1":"product","2":"type-product","3":"status-publish","4":"has-post-thumbnail","6":"product_cat-nerudijantis-plienas","7":"product_cat-slifuotos-tureklu-sistemu-detales-vamzdziui-424x2-mm","8":"product_cat-tureklu-elementai","10":"first","11":"instock","12":"shipping-taxable","13":"product-type-simple"},"aioseo_notices":[],"jetpack_sharing_enabled":true,"_links":{"self":[{"href":"https:\/\/karusele.com\/en\/wp-json\/wp\/v2\/product\/378","targetHints":{"allow":["GET"]}}],"collection":[{"href":"https:\/\/karusele.com\/en\/wp-json\/wp\/v2\/product"}],"about":[{"href":"https:\/\/karusele.com\/en\/wp-json\/wp\/v2\/types\/product"}],"wp:featuredmedia":[{"embeddable":true,"href":"https:\/\/karusele.com\/en\/wp-json\/wp\/v2\/media\/1009"}],"wp:attachment":[{"href":"https:\/\/karusele.com\/en\/wp-json\/wp\/v2\/media?parent=378"}],"wp:term":[{"taxonomy":"product_brand","embeddable":true,"href":"https:\/\/karusele.com\/en\/wp-json\/wp\/v2\/product_brand?post=378"},{"taxonomy":"product_cat","embeddable":true,"href":"https:\/\/karusele.com\/en\/wp-json\/wp\/v2\/product_cat?post=378"},{"taxonomy":"product_tag","embeddable":true,"href":"https:\/\/karusele.com\/en\/wp-json\/wp\/v2\/product_tag?post=378"}],"curies":[{"name":"wp","href":"https:\/\/api.w.org\/{rel}","templated":true}]}}