{"id":366,"date":"2022-02-18T15:46:55","date_gmt":"2022-02-18T13:46:55","guid":{"rendered":"https:\/\/karusele.com\/?post_type=product&#038;p=366"},"modified":"2022-09-29T17:49:59","modified_gmt":"2022-09-29T14:49:59","slug":"laikiklis-strypui-prie-plokscio-pavirsiaus","status":"publish","type":"product","link":"https:\/\/karusele.com\/en\/produktai\/laikiklis-strypui-prie-plokscio-pavirsiaus\/","title":{"rendered":"Bar holder for the flat surface"},"content":{"rendered":"<p>Bar (12mm or 10mm) holder for the flat surface<\/p>\n<table class=\"btable\" border=\"0\" cellspacing=\"0\" cellpadding=\"0\">\n<tbody>\n<tr>\n<td style=\"text-align: center;\">\u03a6(mm)<\/td>\n<\/tr>\n<tr>\n<td style=\"text-align: center;\">10 or 12<\/td>\n<\/tr>\n<\/tbody>\n<\/table>","protected":false},"excerpt":{"rendered":"<p>Laikiklis strypui 12mm arba 10mm prie plok\u0161\u010dio pavir\u0161iaus \u03a6(mm) 10 arba 12<\/p>","protected":false},"featured_media":1016,"template":"","meta":[],"product_brand":[],"product_cat":[17,81,54],"product_tag":[],"class_list":{"0":"post-366","1":"product","2":"type-product","3":"status-publish","4":"has-post-thumbnail","6":"product_cat-nerudijantis-plienas","7":"product_cat-slifuotos-tureklu-sistemu-detales-vamzdziui-424x2-mm","8":"product_cat-tureklu-elementai","10":"first","11":"instock","12":"shipping-taxable","13":"product-type-simple"},"aioseo_notices":[],"jetpack_sharing_enabled":true,"_links":{"self":[{"href":"https:\/\/karusele.com\/en\/wp-json\/wp\/v2\/product\/366","targetHints":{"allow":["GET"]}}],"collection":[{"href":"https:\/\/karusele.com\/en\/wp-json\/wp\/v2\/product"}],"about":[{"href":"https:\/\/karusele.com\/en\/wp-json\/wp\/v2\/types\/product"}],"wp:featuredmedia":[{"embeddable":true,"href":"https:\/\/karusele.com\/en\/wp-json\/wp\/v2\/media\/1016"}],"wp:attachment":[{"href":"https:\/\/karusele.com\/en\/wp-json\/wp\/v2\/media?parent=366"}],"wp:term":[{"taxonomy":"product_brand","embeddable":true,"href":"https:\/\/karusele.com\/en\/wp-json\/wp\/v2\/product_brand?post=366"},{"taxonomy":"product_cat","embeddable":true,"href":"https:\/\/karusele.com\/en\/wp-json\/wp\/v2\/product_cat?post=366"},{"taxonomy":"product_tag","embeddable":true,"href":"https:\/\/karusele.com\/en\/wp-json\/wp\/v2\/product_tag?post=366"}],"curies":[{"name":"wp","href":"https:\/\/api.w.org\/{rel}","templated":true}]}}