{"id":358,"date":"2022-02-18T15:35:27","date_gmt":"2022-02-18T13:35:27","guid":{"rendered":"https:\/\/karusele.com\/?post_type=product&#038;p=358"},"modified":"2022-09-29T17:52:27","modified_gmt":"2022-09-29T14:52:27","slug":"laikiklis-stiklui-apvalus-prie-plokscio-pavirsiaus","status":"publish","type":"product","link":"https:\/\/karusele.com\/en\/produktai\/laikiklis-stiklui-apvalus-prie-plokscio-pavirsiaus\/","title":{"rendered":"Round glass clamp for the flat surface"},"content":{"rendered":"<p>Round glass clamp for the flat surface<\/p>\n<table class=\"btable\" border=\"0\" cellspacing=\"0\" cellpadding=\"0\">\n<tbody>\n<tr>\n<td style=\"text-align: center;\">Thickness of suitable glass (mm)<\/td>\n<\/tr>\n<tr>\n<td style=\"text-align: center;\">6-16<\/td>\n<\/tr>\n<\/tbody>\n<\/table>","protected":false},"excerpt":{"rendered":"<p>Laikiklis stiklui apvalus prie plok\u0161\u010dio pavir\u0161iaus Tinkamo stiklo storis (mm) 6-16<\/p>","protected":false},"featured_media":1018,"template":"","meta":[],"product_brand":[],"product_cat":[17,81,54],"product_tag":[],"class_list":{"0":"post-358","1":"product","2":"type-product","3":"status-publish","4":"has-post-thumbnail","6":"product_cat-nerudijantis-plienas","7":"product_cat-slifuotos-tureklu-sistemu-detales-vamzdziui-424x2-mm","8":"product_cat-tureklu-elementai","10":"first","11":"instock","12":"shipping-taxable","13":"product-type-simple"},"aioseo_notices":[],"jetpack_sharing_enabled":true,"_links":{"self":[{"href":"https:\/\/karusele.com\/en\/wp-json\/wp\/v2\/product\/358","targetHints":{"allow":["GET"]}}],"collection":[{"href":"https:\/\/karusele.com\/en\/wp-json\/wp\/v2\/product"}],"about":[{"href":"https:\/\/karusele.com\/en\/wp-json\/wp\/v2\/types\/product"}],"wp:featuredmedia":[{"embeddable":true,"href":"https:\/\/karusele.com\/en\/wp-json\/wp\/v2\/media\/1018"}],"wp:attachment":[{"href":"https:\/\/karusele.com\/en\/wp-json\/wp\/v2\/media?parent=358"}],"wp:term":[{"taxonomy":"product_brand","embeddable":true,"href":"https:\/\/karusele.com\/en\/wp-json\/wp\/v2\/product_brand?post=358"},{"taxonomy":"product_cat","embeddable":true,"href":"https:\/\/karusele.com\/en\/wp-json\/wp\/v2\/product_cat?post=358"},{"taxonomy":"product_tag","embeddable":true,"href":"https:\/\/karusele.com\/en\/wp-json\/wp\/v2\/product_tag?post=358"}],"curies":[{"name":"wp","href":"https:\/\/api.w.org\/{rel}","templated":true}]}}