{"id":342,"date":"2022-02-18T15:07:23","date_gmt":"2022-02-18T13:07:23","guid":{"rendered":"https:\/\/karusele.com\/?post_type=product&#038;p=342"},"modified":"2022-09-29T16:40:51","modified_gmt":"2022-09-29T13:40:51","slug":"alkune-pusapvale","status":"publish","type":"product","link":"https:\/\/karusele.com\/en\/produktai\/alkune-pusapvale\/","title":{"rendered":"Compass bend"},"content":{"rendered":"<p>Compass bend 42,4<\/p>\n<table class=\"btable\" border=\"0\" cellspacing=\"0\" cellpadding=\"0\">\n<tbody>\n<tr>\n<td style=\"text-align: center;\">\u03a6 (mm)<\/td>\n<td style=\"text-align: center;\">H (mm)<\/td>\n<\/tr>\n<tr>\n<td style=\"text-align: center;\">42,4<\/td>\n<td style=\"text-align: center;\">35<\/td>\n<\/tr>\n<\/tbody>\n<\/table>","protected":false},"excerpt":{"rendered":"<p>Alk\u016bn\u0117 pusapval\u0117 42,4 \u03a6 (mm) H (mm) 42,4 35<\/p>","protected":false},"featured_media":1004,"template":"","meta":[],"product_brand":[],"product_cat":[17,81,54],"product_tag":[],"class_list":{"0":"post-342","1":"product","2":"type-product","3":"status-publish","4":"has-post-thumbnail","6":"product_cat-nerudijantis-plienas","7":"product_cat-slifuotos-tureklu-sistemu-detales-vamzdziui-424x2-mm","8":"product_cat-tureklu-elementai","10":"first","11":"instock","12":"shipping-taxable","13":"product-type-simple"},"aioseo_notices":[],"jetpack_sharing_enabled":true,"_links":{"self":[{"href":"https:\/\/karusele.com\/en\/wp-json\/wp\/v2\/product\/342","targetHints":{"allow":["GET"]}}],"collection":[{"href":"https:\/\/karusele.com\/en\/wp-json\/wp\/v2\/product"}],"about":[{"href":"https:\/\/karusele.com\/en\/wp-json\/wp\/v2\/types\/product"}],"wp:featuredmedia":[{"embeddable":true,"href":"https:\/\/karusele.com\/en\/wp-json\/wp\/v2\/media\/1004"}],"wp:attachment":[{"href":"https:\/\/karusele.com\/en\/wp-json\/wp\/v2\/media?parent=342"}],"wp:term":[{"taxonomy":"product_brand","embeddable":true,"href":"https:\/\/karusele.com\/en\/wp-json\/wp\/v2\/product_brand?post=342"},{"taxonomy":"product_cat","embeddable":true,"href":"https:\/\/karusele.com\/en\/wp-json\/wp\/v2\/product_cat?post=342"},{"taxonomy":"product_tag","embeddable":true,"href":"https:\/\/karusele.com\/en\/wp-json\/wp\/v2\/product_tag?post=342"}],"curies":[{"name":"wp","href":"https:\/\/api.w.org\/{rel}","templated":true}]}}