{"id":337,"date":"2022-02-18T14:44:21","date_gmt":"2022-02-18T12:44:21","guid":{"rendered":"https:\/\/karusele.com\/?post_type=product&#038;p=337"},"modified":"2023-01-05T16:45:56","modified_gmt":"2023-01-05T14:45:56","slug":"kvadratinis-stiklo-laikiklis-su-apsauga-prie-apvalaus-vamzdzio","status":"publish","type":"product","link":"https:\/\/karusele.com\/en\/produktai\/kvadratinis-stiklo-laikiklis-su-apsauga-prie-apvalaus-vamzdzio\/","title":{"rendered":"Square glass clamp with protection for the flat surface"},"content":{"rendered":"<p>Square glass clamp with protection for the flat surface<\/p>\n<table>\n<tbody>\n<tr>\n<td>\n<p style=\"text-align: center;\"><span style=\"font-weight: 400;\">Height (mm)<\/span><\/p>\n<\/td>\n<td>\n<p style=\"text-align: center;\"><span style=\"font-weight: 400;\"> Width (mm)<\/span><\/p>\n<\/td>\n<td>\n<p style=\"text-align: center;\"><span style=\"font-weight: 400;\"> Thickness (mm)<\/span><\/p>\n<\/td>\n<td>\n<p style=\"text-align: center;\"><span style=\"font-weight: 400;\">Distance to the  fixed surface (mm)<\/span><\/p>\n<\/td>\n<td>\n<p style=\"text-align: center;\"><span style=\"font-weight: 400;\">Thickness of the glass (mm)<\/span><\/p>\n<\/td>\n<td>\n<p style=\"text-align: center;\"><span style=\"font-weight: 400;\">Diameter of the tube (\u2205,mm)<\/span><\/p>\n<\/td>\n<\/tr>\n<tr>\n<td>\n<p style=\"text-align: center;\"><span style=\"font-weight: 400;\">62<\/span><\/p>\n<\/td>\n<td>\n<p style=\"text-align: center;\"><span style=\"font-weight: 400;\">55<\/span><\/p>\n<\/td>\n<td>\n<p style=\"text-align: center;\"><span style=\"font-weight: 400;\">36<\/span><\/p>\n<\/td>\n<td>\n<p style=\"text-align: center;\"><span style=\"font-weight: 400;\">16<\/span><\/p>\n<\/td>\n<td>\n<p style=\"text-align: center;\"><span style=\"font-weight: 400;\">8<\/span><\/p>\n<\/td>\n<td>\n<p style=\"text-align: center;\"><span style=\"font-weight: 400;\">\u00a0 38 &#8211; 42<\/span><\/p>\n<\/td>\n<\/tr>\n<\/tbody>\n<\/table>","protected":false},"excerpt":{"rendered":"<p>Kvadratinis stiklo laikiklis su apsauga prie apvalaus vamzd\u017eio Auk\u0161tis (mm) Plotis (mm) Storis (mm) Atstumas iki tvirtinimo pavir\u0161iaus (mm) Stiklo storis (mm) Vamzd\u017eio diametras (\u2205,mm) 62 55 36 16 8 \u00a0 38 &#8211; 42<\/p>","protected":false},"featured_media":1670,"template":"","meta":[],"product_brand":[],"product_cat":[17,52],"product_tag":[],"class_list":{"0":"post-337","1":"product","2":"type-product","3":"status-publish","4":"has-post-thumbnail","6":"product_cat-nerudijantis-plienas","7":"product_cat-stiklo-laikikliai","9":"first","10":"instock","11":"shipping-taxable","12":"product-type-simple"},"aioseo_notices":[],"jetpack_sharing_enabled":true,"_links":{"self":[{"href":"https:\/\/karusele.com\/en\/wp-json\/wp\/v2\/product\/337","targetHints":{"allow":["GET"]}}],"collection":[{"href":"https:\/\/karusele.com\/en\/wp-json\/wp\/v2\/product"}],"about":[{"href":"https:\/\/karusele.com\/en\/wp-json\/wp\/v2\/types\/product"}],"wp:featuredmedia":[{"embeddable":true,"href":"https:\/\/karusele.com\/en\/wp-json\/wp\/v2\/media\/1670"}],"wp:attachment":[{"href":"https:\/\/karusele.com\/en\/wp-json\/wp\/v2\/media?parent=337"}],"wp:term":[{"taxonomy":"product_brand","embeddable":true,"href":"https:\/\/karusele.com\/en\/wp-json\/wp\/v2\/product_brand?post=337"},{"taxonomy":"product_cat","embeddable":true,"href":"https:\/\/karusele.com\/en\/wp-json\/wp\/v2\/product_cat?post=337"},{"taxonomy":"product_tag","embeddable":true,"href":"https:\/\/karusele.com\/en\/wp-json\/wp\/v2\/product_tag?post=337"}],"curies":[{"name":"wp","href":"https:\/\/api.w.org\/{rel}","templated":true}]}}