{"id":135,"date":"2021-09-13T14:13:14","date_gmt":"2021-09-13T11:13:14","guid":{"rendered":"https:\/\/karusele.com\/?post_type=product&#038;p=135"},"modified":"2023-02-08T14:01:07","modified_gmt":"2023-02-08T12:01:07","slug":"apziuros-stiklas-talpai","status":"publish","type":"product","link":"https:\/\/karusele.com\/en\/produktai\/apziuros-stiklas-talpai\/","title":{"rendered":"Spare glass for tank"},"content":{"rendered":"<p>Ap\u017ei\u016bros stikl\u0173 talpai i\u0161matavimai:<\/p>\n<table class=\"btable\" border=\"0\" width=\"100%\" cellspacing=\"0\" cellpadding=\"0\">\n<tbody>\n<tr>\n<td valign=\"top\" width=\"66\">DN<\/td>\n<td valign=\"top\" width=\"67\">D1<\/td>\n<td valign=\"top\" width=\"67\">D2<\/td>\n<td valign=\"top\" width=\"67\">D3<\/td>\n<td valign=\"top\" width=\"67\">L<\/td>\n<\/tr>\n<tr>\n<td valign=\"top\" width=\"66\">25<\/td>\n<td valign=\"top\" width=\"67\">26<\/td>\n<td valign=\"top\" width=\"67\">29<\/td>\n<td valign=\"top\" width=\"67\">63<\/td>\n<td valign=\"top\" width=\"67\">37<\/td>\n<\/tr>\n<tr>\n<td valign=\"top\" width=\"66\">32<\/td>\n<td valign=\"top\" width=\"67\">32<\/td>\n<td valign=\"top\" width=\"67\">35<\/td>\n<td valign=\"top\" width=\"67\">70<\/td>\n<td valign=\"top\" width=\"67\">40<\/td>\n<\/tr>\n<tr>\n<td valign=\"top\" width=\"66\">40<\/td>\n<td valign=\"top\" width=\"67\">38<\/td>\n<td valign=\"top\" width=\"67\">41<\/td>\n<td valign=\"top\" width=\"67\">78<\/td>\n<td valign=\"top\" width=\"67\">41<\/td>\n<\/tr>\n<tr>\n<td valign=\"top\" width=\"66\">50<\/td>\n<td valign=\"top\" width=\"67\">50<\/td>\n<td valign=\"top\" width=\"67\">53<\/td>\n<td valign=\"top\" width=\"67\">92<\/td>\n<td valign=\"top\" width=\"67\">43<\/td>\n<\/tr>\n<tr>\n<td valign=\"top\" width=\"66\">65<\/td>\n<td valign=\"top\" width=\"67\">66<\/td>\n<td valign=\"top\" width=\"67\">70<\/td>\n<td valign=\"top\" width=\"67\">112<\/td>\n<td valign=\"top\" width=\"67\">48<\/td>\n<\/tr>\n<tr>\n<td valign=\"top\" width=\"66\">80<\/td>\n<td valign=\"top\" width=\"67\">81<\/td>\n<td valign=\"top\" width=\"67\">85<\/td>\n<td valign=\"top\" width=\"67\">127<\/td>\n<td valign=\"top\" width=\"67\">54<\/td>\n<\/tr>\n<tr>\n<td valign=\"top\" width=\"66\">100<\/td>\n<td valign=\"top\" width=\"67\">100<\/td>\n<td valign=\"top\" width=\"67\">104<\/td>\n<td valign=\"top\" width=\"67\">148<\/td>\n<td valign=\"top\" width=\"67\">64<\/td>\n<\/tr>\n<tr>\n<td valign=\"top\" width=\"66\">125<\/td>\n<td valign=\"top\" width=\"67\">125<\/td>\n<td valign=\"top\" width=\"67\">129<\/td>\n<td valign=\"top\" width=\"67\">178<\/td>\n<td valign=\"top\" width=\"67\">58<\/td>\n<\/tr>\n<tr>\n<td valign=\"top\" width=\"66\">150<\/td>\n<td valign=\"top\" width=\"67\">150<\/td>\n<td valign=\"top\" width=\"67\">154<\/td>\n<td valign=\"top\" width=\"67\">210<\/td>\n<td valign=\"top\" width=\"67\">60<\/td>\n<\/tr>\n<\/tbody>\n<\/table>","protected":false},"excerpt":{"rendered":"<p><span style=\"font-weight: 400;\">The stainless steel spare glass is designed to monitor the liquid in the tank. The glass is made of borosillic glass and is resistant to temperature and partial strokes. Stainless steel spare glass for tank is made of AISI 304 or AISI 316 metal. These details are used in the production of milk, meat, vegetables, drinks and other foods.<\/span><\/p>","protected":false},"featured_media":133,"template":"","meta":[],"product_brand":[],"product_cat":[22,18,17],"product_tag":[],"class_list":{"0":"post-135","1":"product","2":"type-product","3":"status-publish","4":"has-post-thumbnail","6":"product_cat-apziuros-stiklai","7":"product_cat-jungiamoji-armatura","8":"product_cat-nerudijantis-plienas","10":"first","11":"instock","12":"shipping-taxable","13":"product-type-simple"},"aioseo_notices":[],"jetpack_sharing_enabled":true,"_links":{"self":[{"href":"https:\/\/karusele.com\/en\/wp-json\/wp\/v2\/product\/135","targetHints":{"allow":["GET"]}}],"collection":[{"href":"https:\/\/karusele.com\/en\/wp-json\/wp\/v2\/product"}],"about":[{"href":"https:\/\/karusele.com\/en\/wp-json\/wp\/v2\/types\/product"}],"wp:featuredmedia":[{"embeddable":true,"href":"https:\/\/karusele.com\/en\/wp-json\/wp\/v2\/media\/133"}],"wp:attachment":[{"href":"https:\/\/karusele.com\/en\/wp-json\/wp\/v2\/media?parent=135"}],"wp:term":[{"taxonomy":"product_brand","embeddable":true,"href":"https:\/\/karusele.com\/en\/wp-json\/wp\/v2\/product_brand?post=135"},{"taxonomy":"product_cat","embeddable":true,"href":"https:\/\/karusele.com\/en\/wp-json\/wp\/v2\/product_cat?post=135"},{"taxonomy":"product_tag","embeddable":true,"href":"https:\/\/karusele.com\/en\/wp-json\/wp\/v2\/product_tag?post=135"}],"curies":[{"name":"wp","href":"https:\/\/api.w.org\/{rel}","templated":true}]}}