{"id":60,"date":"2021-07-28T20:40:49","date_gmt":"2021-07-28T17:40:49","guid":{"rendered":"https:\/\/karusele.com\/?page_id=60"},"modified":"2023-01-07T14:01:29","modified_gmt":"2023-01-07T12:01:29","slug":"kontaktai","status":"publish","type":"page","link":"https:\/\/karusele.com\/en\/kontaktai\/","title":{"rendered":"Contacts"},"content":{"rendered":"<p><strong>Ofisas ir sand\u0117lys:<\/strong><br>Meistr\u0173 g. 13, 02189 Vilnius<br>GPS coordinates: 54.631200 25.256400\u00a0\u00a0\u00a0<br>Mob. tel. +370 684 19240, +370 684 15704\u00a0\u00a0\u00a0 \u00a0 \u00a0\u00a0<br>Tel. +370 5 2737191, +370 5 2675212<br>Faks.: +370 5 2167726<br>El. pa\u0161tas.:\u00a0<a href=\"mailto:karusele@karusele.com\">karusele@karusele.com<\/a><br><\/p>\n\n\n\n<p>You may also fill out the contact form below and we will reply you on the next working day<\/p>\n\n\n<div class=\"wp-block-jetpack-contact-form is-layout-flex wp-container-jetpack-contact-form-is-layout-2b4208ba wp-block-jetpack-contact-form-is-layout-flex\"><a href=\"https:\/\/karusele.com\/en\/kontaktai\/\" target=\"_blank\" rel=\"noopener noreferrer\">Submit a form.<\/a><\/div>","protected":false},"excerpt":{"rendered":"<p>Ofisas ir sand\u0117lys:Meistr\u0173 g. 13, 02189 VilniusGPS koordinat\u0117s: 54.631200 25.256400\u00a0\u00a0\u00a0Mob. tel. +370 684 19240, +370 684 15704\u00a0\u00a0\u00a0 \u00a0 \u00a0\u00a0Tel. +370 5 2737191, +370 5 2675212Faks.: +370 5 2167726El. pa\u0161tas.:\u00a0karusele@karusele.com Taip pat \u017eemiau galite u\u017epildyti kontakt\u0173 form\u0105 ir su jumis susisieksime artimiausi\u0105 darbo dien\u0105<\/p>","protected":false},"author":1,"featured_media":0,"parent":0,"menu_order":0,"comment_status":"closed","ping_status":"closed","template":"template-fullwidth.php","meta":{"footnotes":""},"class_list":["post-60","page","type-page","status-publish","hentry"],"aioseo_notices":[],"jetpack_sharing_enabled":true,"_links":{"self":[{"href":"https:\/\/karusele.com\/en\/wp-json\/wp\/v2\/pages\/60","targetHints":{"allow":["GET"]}}],"collection":[{"href":"https:\/\/karusele.com\/en\/wp-json\/wp\/v2\/pages"}],"about":[{"href":"https:\/\/karusele.com\/en\/wp-json\/wp\/v2\/types\/page"}],"author":[{"embeddable":true,"href":"https:\/\/karusele.com\/en\/wp-json\/wp\/v2\/users\/1"}],"replies":[{"embeddable":true,"href":"https:\/\/karusele.com\/en\/wp-json\/wp\/v2\/comments?post=60"}],"version-history":[{"count":18,"href":"https:\/\/karusele.com\/en\/wp-json\/wp\/v2\/pages\/60\/revisions"}],"predecessor-version":[{"id":2881,"href":"https:\/\/karusele.com\/en\/wp-json\/wp\/v2\/pages\/60\/revisions\/2881"}],"wp:attachment":[{"href":"https:\/\/karusele.com\/en\/wp-json\/wp\/v2\/media?parent=60"}],"curies":[{"name":"wp","href":"https:\/\/api.w.org\/{rel}","templated":true}]}}