{"id":562,"date":"2022-03-30T19:19:34","date_gmt":"2022-03-30T16:19:34","guid":{"rendered":"https:\/\/karusele.com\/?page_id=562"},"modified":"2022-06-07T18:22:26","modified_gmt":"2022-06-07T15:22:26","slug":"pienveziai","status":"publish","type":"page","link":"https:\/\/karusele.com\/en\/pienveziai\/","title":{"rendered":"Milk collection vehicles"},"content":{"rendered":"<p>We offer various milk collection vehicles (from 4m<sup>3<\/sup>&nbsp;to 28m<sup>3<\/sup>). We are official representatives of the factory JANSKY, which produces tanks for milk collection vehicles and install it to your chosen chassis (MAN, Volvo etc.). We offer trailers for these milk collection vehicles. We offer semitrailers (up to 28m<sup>3<\/sup>&nbsp;volume) for transporting bigger amounts of milk.<br>Milk collection tanks may be isolated: they may have pump, accounting unit, sampling system, temperature sensors, receipt printer, device for connection with dairy computer. Accounting unit is registered in metrological service and is certified for use in Lithuania. Term of production is up to half year. The contract will be made directly with factory JANSKY.&nbsp;<br><strong>We have technicians who provide warranty service and operative service for repair. Our specialist will reach you in few hours depending on distance.<\/strong><\/p>\n\n\n<div class=\"wp-block-image\">\n<figure class=\"aligncenter size-full\"><img loading=\"lazy\" decoding=\"async\" width=\"200\" height=\"73\" src=\"https:\/\/karusele.com\/wp-content\/uploads\/2022\/04\/jansky-logotipas.gif\" alt=\"\" class=\"wp-image-585\" \/><\/figure>\n<\/div>\n\n<div class=\"wp-block-image\">\n<figure class=\"aligncenter size-full\"><img loading=\"lazy\" decoding=\"async\" width=\"640\" height=\"360\" src=\"https:\/\/karusele.com\/wp-content\/uploads\/2022\/04\/jansky-pienveziai-ant-volvo-vaziuokles-edited-1.jpeg\" alt=\"\" class=\"wp-image-606\" srcset=\"https:\/\/karusele.com\/wp-content\/uploads\/2022\/04\/jansky-pienveziai-ant-volvo-vaziuokles-edited-1.jpeg 640w, https:\/\/karusele.com\/wp-content\/uploads\/2022\/04\/jansky-pienveziai-ant-volvo-vaziuokles-edited-1-300x169.jpeg 300w, https:\/\/karusele.com\/wp-content\/uploads\/2022\/04\/jansky-pienveziai-ant-volvo-vaziuokles-edited-1-416x234.jpeg 416w\" sizes=\"auto, (max-width: 640px) 100vw, 640px\" \/><\/figure>\n<\/div>\n\n\n<figure class=\"wp-block-gallery has-nested-images columns-2 is-cropped wp-block-gallery-1 is-layout-flex wp-block-gallery-is-layout-flex\">\n<figure class=\"wp-block-image size-large\"><img loading=\"lazy\" decoding=\"async\" width=\"1024\" height=\"684\" data-id=\"668\" src=\"https:\/\/karusele.com\/wp-content\/uploads\/2022\/06\/triju-asiu-pienvezis-1024x684.jpg\" alt=\"\" class=\"wp-image-668\" srcset=\"https:\/\/karusele.com\/wp-content\/uploads\/2022\/06\/triju-asiu-pienvezis-1024x684.jpg 1024w, https:\/\/karusele.com\/wp-content\/uploads\/2022\/06\/triju-asiu-pienvezis-300x200.jpg 300w, https:\/\/karusele.com\/wp-content\/uploads\/2022\/06\/triju-asiu-pienvezis-768x513.jpg 768w, https:\/\/karusele.com\/wp-content\/uploads\/2022\/06\/triju-asiu-pienvezis-416x278.jpg 416w, https:\/\/karusele.com\/wp-content\/uploads\/2022\/06\/triju-asiu-pienvezis.jpg 1068w\" sizes=\"auto, (max-width: 1024px) 100vw, 1024px\" \/><\/figure>\n\n\n\n<figure class=\"wp-block-image size-large\"><img loading=\"lazy\" decoding=\"async\" width=\"1024\" height=\"667\" data-id=\"669\" src=\"https:\/\/karusele.com\/wp-content\/uploads\/2022\/06\/pienvezis-1024x667.jpg\" alt=\"\" class=\"wp-image-669\" srcset=\"https:\/\/karusele.com\/wp-content\/uploads\/2022\/06\/pienvezis-1024x667.jpg 1024w, https:\/\/karusele.com\/wp-content\/uploads\/2022\/06\/pienvezis-300x195.jpg 300w, https:\/\/karusele.com\/wp-content\/uploads\/2022\/06\/pienvezis-768x500.jpg 768w, https:\/\/karusele.com\/wp-content\/uploads\/2022\/06\/pienvezis-416x271.jpg 416w, https:\/\/karusele.com\/wp-content\/uploads\/2022\/06\/pienvezis.jpg 1072w\" sizes=\"auto, (max-width: 1024px) 100vw, 1024px\" \/><\/figure>\n\n\n\n<figure class=\"wp-block-image size-full\"><img loading=\"lazy\" decoding=\"async\" width=\"200\" height=\"100\" data-id=\"586\" src=\"https:\/\/karusele.com\/wp-content\/uploads\/2022\/04\/pieno-siurbimo-sistema-su-apdaila-komet-24000.jpeg\" alt=\"\" class=\"wp-image-586\" \/><figcaption>Komet 24000 \u2013 milk suction system with facing. Productivity up to 24t\/h.<\/figcaption><\/figure>\n\n\n\n<figure class=\"wp-block-image size-full\"><img loading=\"lazy\" decoding=\"async\" width=\"200\" height=\"100\" data-id=\"584\" src=\"https:\/\/karusele.com\/wp-content\/uploads\/2022\/04\/pieno-siurbimo-sistema-su-apdaila-komet-3000.jpeg\" alt=\"\" class=\"wp-image-584\" \/><figcaption>Komet 3000 \u2013 milk suction system with facing. Productivity up to 30t\/h.<\/figcaption><\/figure>\n<\/figure>","protected":false},"excerpt":{"rendered":"<p>Pieno pristatymui i\u0161 pieno supirkimo punkt\u0173 ir individuali\u0173 gamintoj\u0173 si\u016blome \u012fvairios talpos (nuo 4 m3&nbsp;iki 28 m3) pienve\u017eius. Gamykla JANSKY, kuri\u0105 mes atstovaujame Lietuvoje, gamina pienve\u017ei\u0173 cisternas ir sumontuoja ant J\u016bs\u0173 pasirinktos va\u017eiuokl\u0117s (MAN, Volvo ir t.t.). Komplekte \u0161iam pienve\u017eiui si\u016blome priekab\u0105. Dideliam pieno kiekiui si\u016blome puspriekabes iki 28 m3&nbsp;talpos.Pienve\u017ei\u0173 talpos gali b\u016bti izoliuotos, tur\u0117ti [&hellip;]<\/p>\n","protected":false},"author":1,"featured_media":0,"parent":0,"menu_order":0,"comment_status":"closed","ping_status":"closed","template":"","meta":{"footnotes":""},"class_list":["post-562","page","type-page","status-publish","hentry"],"aioseo_notices":[],"jetpack_sharing_enabled":true,"_links":{"self":[{"href":"https:\/\/karusele.com\/en\/wp-json\/wp\/v2\/pages\/562","targetHints":{"allow":["GET"]}}],"collection":[{"href":"https:\/\/karusele.com\/en\/wp-json\/wp\/v2\/pages"}],"about":[{"href":"https:\/\/karusele.com\/en\/wp-json\/wp\/v2\/types\/page"}],"author":[{"embeddable":true,"href":"https:\/\/karusele.com\/en\/wp-json\/wp\/v2\/users\/1"}],"replies":[{"embeddable":true,"href":"https:\/\/karusele.com\/en\/wp-json\/wp\/v2\/comments?post=562"}],"version-history":[{"count":18,"href":"https:\/\/karusele.com\/en\/wp-json\/wp\/v2\/pages\/562\/revisions"}],"predecessor-version":[{"id":672,"href":"https:\/\/karusele.com\/en\/wp-json\/wp\/v2\/pages\/562\/revisions\/672"}],"wp:attachment":[{"href":"https:\/\/karusele.com\/en\/wp-json\/wp\/v2\/media?parent=562"}],"curies":[{"name":"wp","href":"https:\/\/api.w.org\/{rel}","templated":true}]}}