{"id":21,"date":"2021-07-28T20:08:04","date_gmt":"2021-07-28T17:08:04","guid":{"rendered":"https:\/\/karusele.com\/pradinis-puslapis\/"},"modified":"2026-04-19T22:54:31","modified_gmt":"2026-04-19T19:54:31","slug":"pradzia-2","status":"publish","type":"page","link":"https:\/\/karusele.com\/en\/","title":{"rendered":"Home"},"content":{"rendered":"<p><\/p>\n\n\n\n<div class=\"wp-block-group alignwide\"><div class=\"wp-block-group__inner-container is-layout-constrained wp-block-group-is-layout-constrained\">\n<div class=\"wp-block-columns alignwide are-vertically-aligned-top is-layout-flex wp-container-core-columns-is-layout-28f84493 wp-block-columns-is-layout-flex\">\n<div class=\"wp-block-column is-vertically-aligned-top is-layout-flow wp-block-column-is-layout-flow\" style=\"flex-basis:33.34%\">\n<figure class=\"wp-block-image size-large is-resized\"><a href=\"https:\/\/karusele.com\/katalogas\/nerudijantis-plienas\/\"><img loading=\"lazy\" decoding=\"async\" width=\"1024\" height=\"1024\" src=\"https:\/\/karusele.com\/wp-content\/uploads\/2022\/11\/karusele-stainless-steel.jpg\" alt=\"\" class=\"wp-image-911\" style=\"width:394px;height:394px\" srcset=\"https:\/\/karusele.com\/wp-content\/uploads\/2022\/11\/karusele-stainless-steel.jpg 1080w, https:\/\/karusele.com\/wp-content\/uploads\/2022\/11\/karusele-stainless-steel-300x300.jpg 300w, https:\/\/karusele.com\/wp-content\/uploads\/2022\/11\/karusele-stainless-steel-1024x1024.jpg 1024w, https:\/\/karusele.com\/wp-content\/uploads\/2022\/11\/karusele-stainless-steel-150x150.jpg 150w, https:\/\/karusele.com\/wp-content\/uploads\/2022\/11\/karusele-stainless-steel-768x768.jpg 768w, https:\/\/karusele.com\/wp-content\/uploads\/2022\/11\/karusele-stainless-steel-12x12.jpg 12w, https:\/\/karusele.com\/wp-content\/uploads\/2022\/11\/karusele-stainless-steel-324x324.jpg 324w, https:\/\/karusele.com\/wp-content\/uploads\/2022\/11\/karusele-stainless-steel-416x416.jpg 416w, https:\/\/karusele.com\/wp-content\/uploads\/2022\/11\/karusele-stainless-steel-100x100.jpg 100w, https:\/\/karusele.com\/wp-content\/uploads\/2022\/11\/karusele-stainless-steel-64x64.jpg 64w\" sizes=\"auto, (max-width: 1024px) 100vw, 1024px\" \/><\/a><\/figure>\n<\/div>\n\n\n\n<div class=\"wp-block-column is-vertically-aligned-top is-layout-flow wp-block-column-is-layout-flow\" style=\"flex-basis:33.34%\">\n<figure class=\"wp-block-image size-large is-resized\"><a href=\"https:\/\/karusele.com\/pienveziai\/\"><img loading=\"lazy\" decoding=\"async\" width=\"1024\" height=\"1024\" src=\"https:\/\/karusele.com\/wp-content\/uploads\/2022\/11\/karusele-milk-collection-vehicles-technology.jpg\" alt=\"\" class=\"wp-image-919\" style=\"width:394px;height:394px\" srcset=\"https:\/\/karusele.com\/wp-content\/uploads\/2022\/11\/karusele-milk-collection-vehicles-technology.jpg 1080w, https:\/\/karusele.com\/wp-content\/uploads\/2022\/11\/karusele-milk-collection-vehicles-technology-300x300.jpg 300w, https:\/\/karusele.com\/wp-content\/uploads\/2022\/11\/karusele-milk-collection-vehicles-technology-1024x1024.jpg 1024w, https:\/\/karusele.com\/wp-content\/uploads\/2022\/11\/karusele-milk-collection-vehicles-technology-150x150.jpg 150w, https:\/\/karusele.com\/wp-content\/uploads\/2022\/11\/karusele-milk-collection-vehicles-technology-768x768.jpg 768w, https:\/\/karusele.com\/wp-content\/uploads\/2022\/11\/karusele-milk-collection-vehicles-technology-12x12.jpg 12w, https:\/\/karusele.com\/wp-content\/uploads\/2022\/11\/karusele-milk-collection-vehicles-technology-324x324.jpg 324w, https:\/\/karusele.com\/wp-content\/uploads\/2022\/11\/karusele-milk-collection-vehicles-technology-416x416.jpg 416w, https:\/\/karusele.com\/wp-content\/uploads\/2022\/11\/karusele-milk-collection-vehicles-technology-100x100.jpg 100w, https:\/\/karusele.com\/wp-content\/uploads\/2022\/11\/karusele-milk-collection-vehicles-technology-64x64.jpg 64w\" sizes=\"auto, (max-width: 1024px) 100vw, 1024px\" \/><\/a><\/figure>\n<\/div>\n<\/div>\n<\/div><\/div>\n\n\n\n<div class=\"wp-block-media-text alignwide has-media-on-the-right is-stacked-on-mobile\"><div class=\"wp-block-media-text__content\">\n<p class=\"has-text-align-left has-large-font-size\">UAB \"Karusel\u0117\" has been trading since 1994. Our stainless steel products are manufactured in factories in Italy, Germany, Switzerland and China. We sell products suitable for various industries: food-grade stainless steel, steel products suitable for use in the pharmaceutical and chemical industries, stainless metal for construction.<\/p>\n<\/div><figure class=\"wp-block-media-text__media\"><img loading=\"lazy\" decoding=\"async\" width=\"1024\" height=\"580\" src=\"https:\/\/karusele.com\/wp-content\/uploads\/2022\/09\/nerudijantis-plienas-karusele-1024x580.jpg\" alt=\"\" class=\"wp-image-916 size-full\" srcset=\"https:\/\/karusele.com\/wp-content\/uploads\/2022\/09\/nerudijantis-plienas-karusele-1024x580.jpg 1024w, https:\/\/karusele.com\/wp-content\/uploads\/2022\/09\/nerudijantis-plienas-karusele-300x170.jpg 300w, https:\/\/karusele.com\/wp-content\/uploads\/2022\/09\/nerudijantis-plienas-karusele-768x435.jpg 768w, https:\/\/karusele.com\/wp-content\/uploads\/2022\/09\/nerudijantis-plienas-karusele-416x236.jpg 416w, https:\/\/karusele.com\/wp-content\/uploads\/2022\/09\/nerudijantis-plienas-karusele-64x36.jpg 64w, https:\/\/karusele.com\/wp-content\/uploads\/2022\/09\/nerudijantis-plienas-karusele.jpg 1069w\" sizes=\"auto, (max-width: 1024px) 100vw, 1024px\" \/><\/figure><\/div>\n\n\n\n<div class=\"wp-block-media-text alignwide is-stacked-on-mobile\"><figure class=\"wp-block-media-text__media\"><img loading=\"lazy\" decoding=\"async\" width=\"1024\" height=\"580\" src=\"https:\/\/karusele.com\/wp-content\/uploads\/2022\/09\/nerudijancio-plieno-vamzdziai-aisi-304-karusele-1024x580.jpg\" alt=\"\" class=\"wp-image-914 size-full\" srcset=\"https:\/\/karusele.com\/wp-content\/uploads\/2022\/09\/nerudijancio-plieno-vamzdziai-aisi-304-karusele-1024x580.jpg 1024w, https:\/\/karusele.com\/wp-content\/uploads\/2022\/09\/nerudijancio-plieno-vamzdziai-aisi-304-karusele-300x170.jpg 300w, https:\/\/karusele.com\/wp-content\/uploads\/2022\/09\/nerudijancio-plieno-vamzdziai-aisi-304-karusele-768x435.jpg 768w, https:\/\/karusele.com\/wp-content\/uploads\/2022\/09\/nerudijancio-plieno-vamzdziai-aisi-304-karusele-416x236.jpg 416w, https:\/\/karusele.com\/wp-content\/uploads\/2022\/09\/nerudijancio-plieno-vamzdziai-aisi-304-karusele-64x36.jpg 64w, https:\/\/karusele.com\/wp-content\/uploads\/2022\/09\/nerudijancio-plieno-vamzdziai-aisi-304-karusele.jpg 1069w\" sizes=\"auto, (max-width: 1024px) 100vw, 1024px\" \/><\/figure><div class=\"wp-block-media-text__content\">\n<p class=\"has-text-align-left has-large-font-size\">We offer our customers a wide range of various stainless steel products: connecting fittings (unions, bends, butterfly valves, etc.), pipes, bars, plates, angle bars, flat bars. The metal from which our products are made is suitable for the food industry. The stainless steel available in stock is AISI 304 and AISI 316, but it is possible to order products of other materials (e.g. AISI 321, etc.).<\/p>\n<\/div><\/div>\n\n\n\n<div class=\"wp-block-media-text alignwide has-media-on-the-right is-stacked-on-mobile\"><div class=\"wp-block-media-text__content\">\n<p class=\"has-text-align-left has-large-font-size\">Taip pat m\u016bs\u0173 asortimente rasite vandentiekio armat\u016bros, stiklo laikikli\u0173, tur\u0117kl\u0173 sistem\u0173 detali\u0173&nbsp;ir t.t. Visi gaminiai pateikiami su kokyb\u0117s sertifikatais. Metalai, kuriais prekiaujame ir kurie ner\u016bdija, yra tinkami naudoti ir lauko darbams statybose ar kitoje srityje. Viskas, kuo prekiaujame, yra pagaminta i\u0161 ner\u016bdijan\u010dio plieno.<\/p>\n<\/div><figure class=\"wp-block-media-text__media\"><img loading=\"lazy\" decoding=\"async\" width=\"1024\" height=\"580\" src=\"https:\/\/karusele.com\/wp-content\/uploads\/2022\/09\/karusele-nerudijancio-plieno-gaminiai-kvadratiniai-vamzdziai-1024x580.jpg\" alt=\"\" class=\"wp-image-979 size-full\" srcset=\"https:\/\/karusele.com\/wp-content\/uploads\/2022\/09\/karusele-nerudijancio-plieno-gaminiai-kvadratiniai-vamzdziai-1024x580.jpg 1024w, https:\/\/karusele.com\/wp-content\/uploads\/2022\/09\/karusele-nerudijancio-plieno-gaminiai-kvadratiniai-vamzdziai-300x170.jpg 300w, https:\/\/karusele.com\/wp-content\/uploads\/2022\/09\/karusele-nerudijancio-plieno-gaminiai-kvadratiniai-vamzdziai-768x435.jpg 768w, https:\/\/karusele.com\/wp-content\/uploads\/2022\/09\/karusele-nerudijancio-plieno-gaminiai-kvadratiniai-vamzdziai-416x236.jpg 416w, https:\/\/karusele.com\/wp-content\/uploads\/2022\/09\/karusele-nerudijancio-plieno-gaminiai-kvadratiniai-vamzdziai-64x36.jpg 64w, https:\/\/karusele.com\/wp-content\/uploads\/2022\/09\/karusele-nerudijancio-plieno-gaminiai-kvadratiniai-vamzdziai.jpg 1069w\" sizes=\"auto, (max-width: 1024px) 100vw, 1024px\" \/><\/figure><\/div>","protected":false},"excerpt":{"rendered":"<p>UAB \u201eKarusel\u0117\u201c prekiauja nuo 1994 m. M\u016bs\u0173 ner\u016bdijan\u010dio plieno produktai pagaminti Italijos, Vokietijos, \u0160veicarijos ir Kinijos gamyklose. Prekiaujame \u012fvairioms pramon\u0117s sritims tinkamais gaminiais: maistinis ner\u016bdijantis plienas, plieno gaminiai tinkami naudoti farmacijoje bei chemijos pramon\u0117je, ner\u016bdijantis metalas statyboms. Si\u016blome savo klientams plat\u0173 asortiment\u0105 \u012fvairi\u0173 gamini\u0173 i\u0161 ner\u016bdijan\u010dio plieno: jungiamoji armat\u016bra (movos, alk\u016bn\u0117s, sklend\u0117s ir kt.), vamzd\u017eiai, [&hellip;]<\/p>\n","protected":false},"author":1,"featured_media":0,"parent":0,"menu_order":0,"comment_status":"closed","ping_status":"closed","template":"template-fullwidth.php","meta":{"footnotes":""},"class_list":["post-21","page","type-page","status-publish","hentry"],"aioseo_notices":[],"jetpack_sharing_enabled":true,"_links":{"self":[{"href":"https:\/\/karusele.com\/en\/wp-json\/wp\/v2\/pages\/21","targetHints":{"allow":["GET"]}}],"collection":[{"href":"https:\/\/karusele.com\/en\/wp-json\/wp\/v2\/pages"}],"about":[{"href":"https:\/\/karusele.com\/en\/wp-json\/wp\/v2\/types\/page"}],"author":[{"embeddable":true,"href":"https:\/\/karusele.com\/en\/wp-json\/wp\/v2\/users\/1"}],"replies":[{"embeddable":true,"href":"https:\/\/karusele.com\/en\/wp-json\/wp\/v2\/comments?post=21"}],"version-history":[{"count":35,"href":"https:\/\/karusele.com\/en\/wp-json\/wp\/v2\/pages\/21\/revisions"}],"predecessor-version":[{"id":5763,"href":"https:\/\/karusele.com\/en\/wp-json\/wp\/v2\/pages\/21\/revisions\/5763"}],"wp:attachment":[{"href":"https:\/\/karusele.com\/en\/wp-json\/wp\/v2\/media?parent=21"}],"curies":[{"name":"wp","href":"https:\/\/api.w.org\/{rel}","templated":true}]}}